{"id":6214,"date":"2022-05-23T14:38:44","date_gmt":"2022-05-23T19:38:44","guid":{"rendered":"https:\/\/maxdev.ccsoft.ai\/es\/?page_id=6214"},"modified":"2024-04-04T17:34:15","modified_gmt":"2024-04-04T23:34:15","slug":"descarga-masiva-de-xml","status":"publish","type":"page","link":"https:\/\/maxdev.ccsoft.ai\/es\/tutoriales-miadminxml\/descarga-masiva-de-xml\/","title":{"rendered":"Descarga Masiva de XML"},"content":{"rendered":"\t\t<div data-elementor-type=\"wp-page\" data-elementor-id=\"6214\" class=\"elementor elementor-6214\" data-elementor-post-type=\"page\">\n\t\t\t\t\t\t<section class=\"elementor-section elementor-top-section elementor-element elementor-element-4d1d28f3 elementor-section-boxed elementor-section-height-default elementor-section-height-default\" data-id=\"4d1d28f3\" data-element_type=\"section\" data-e-type=\"section\">\n\t\t\t\t\t\t<div class=\"elementor-container elementor-column-gap-default\">\n\t\t\t\t\t<div class=\"elementor-column elementor-col-100 elementor-top-column elementor-element elementor-element-7353453\" data-id=\"7353453\" data-element_type=\"column\" data-e-type=\"column\">\n\t\t\t<div class=\"elementor-widget-wrap elementor-element-populated\">\n\t\t\t\t\t\t<div class=\"elementor-element elementor-element-4d03e77 elementor-widget elementor-widget-heading\" data-id=\"4d03e77\" data-element_type=\"widget\" data-e-type=\"widget\" data-widget_type=\"heading.default\">\n\t\t\t\t<div class=\"elementor-widget-container\">\n\t\t\t\t\t<h2 class=\"elementor-heading-title elementor-size-default\">Tutoriales de Descarga Masiva de XML <\/h2>\t\t\t\t<\/div>\n\t\t\t\t<\/div>\n\t\t\t\t<div class=\"elementor-element elementor-element-8d1b070 elementor-widget elementor-widget-spacer\" data-id=\"8d1b070\" data-element_type=\"widget\" data-e-type=\"widget\" data-widget_type=\"spacer.default\">\n\t\t\t\t<div class=\"elementor-widget-container\">\n\t\t\t\t\t\t\t<div class=\"elementor-spacer\">\n\t\t\t<div class=\"elementor-spacer-inner\"><\/div>\n\t\t<\/div>\n\t\t\t\t\t\t<\/div>\n\t\t\t\t<\/div>\n\t\t\t\t<div class=\"elementor-element elementor-element-64f9a8b4 elementor-widget elementor-widget-text-editor\" data-id=\"64f9a8b4\" data-element_type=\"widget\" data-e-type=\"widget\" data-widget_type=\"text-editor.default\">\n\t\t\t\t<div class=\"elementor-widget-container\">\n\t\t\t\t\t\t\t\t\t\t\t\t\t\t\t\t\t<\/div>\n\t\t\t\t<\/div>\n\t\t\t\t<div class=\"elementor-element elementor-element-e8d32bf elementor-widget elementor-widget-text-editor\" data-id=\"e8d32bf\" data-element_type=\"widget\" data-e-type=\"widget\" data-widget_type=\"text-editor.default\">\n\t\t\t\t<div class=\"elementor-widget-container\">\n\t\t\t\t\t\t\t\t\t<p>\u00bfListo para aprender a <strong>Descargar XML<\/strong> de forma masiva?<\/p>\n<p>Descarga XML de forma gratuita o hasta 200,000 xml con WebService SAT es muy f\u00e1cil y aqu\u00ed aprender\u00e1s a usar MiAdminXML al 100%<\/p>\n<p>Las posibilidades son muchas, estos tutoriales pueden ser el inicio de la integracion del software contable a tu oficina un aumento, un mejor trabajo o quiz\u00e1 esta es la herramienta que necesitabas para emprender.\u00a0<\/p>\t\t\t\t\t\t\t\t<\/div>\n\t\t\t\t<\/div>\n\t\t\t\t<div class=\"elementor-element elementor-element-cca924c elementor-widget elementor-widget-spacer\" data-id=\"cca924c\" data-element_type=\"widget\" data-e-type=\"widget\" data-widget_type=\"spacer.default\">\n\t\t\t\t<div class=\"elementor-widget-container\">\n\t\t\t\t\t\t\t<div class=\"elementor-spacer\">\n\t\t\t<div class=\"elementor-spacer-inner\"><\/div>\n\t\t<\/div>\n\t\t\t\t\t\t<\/div>\n\t\t\t\t<\/div>\n\t\t\t\t<section class=\"elementor-section elementor-inner-section elementor-element elementor-element-b70bcfb elementor-section-boxed elementor-section-height-default elementor-section-height-default\" data-id=\"b70bcfb\" data-element_type=\"section\" data-e-type=\"section\">\n\t\t\t\t\t\t<div class=\"elementor-container elementor-column-gap-default\">\n\t\t\t\t\t<div class=\"elementor-column elementor-col-33 elementor-inner-column elementor-element elementor-element-78c22ae\" data-id=\"78c22ae\" data-element_type=\"column\" data-e-type=\"column\">\n\t\t\t<div class=\"elementor-widget-wrap elementor-element-populated\">\n\t\t\t\t\t\t<div class=\"elementor-element elementor-element-e076496 elementor-widget elementor-widget-image\" data-id=\"e076496\" data-element_type=\"widget\" data-e-type=\"widget\" data-widget_type=\"image.default\">\n\t\t\t\t<div class=\"elementor-widget-container\">\n\t\t\t\t\t\t\t\t\t\t\t\t\t\t\t\t<a href=\"https:\/\/maxdev.ccsoft.ai\/es\/blog\/tutoriales\/descarga-xml-gratis\/\" target=\"_blank\">\n\t\t\t\t\t\t\t<img fetchpriority=\"high\" decoding=\"async\" width=\"640\" height=\"640\" src=\"https:\/\/maxdev.ccsoft.ai\/es\/wp-content\/uploads\/2022\/05\/descargaxml.gratis-1024x1024.png\" class=\"attachment-large size-large wp-image-6224\" alt=\"Descarga de XML Gratis\" srcset=\"https:\/\/maxdev.ccsoft.ai\/es\/wp-content\/uploads\/2022\/05\/descargaxml.gratis-1024x1024.png 1024w, https:\/\/maxdev.ccsoft.ai\/es\/wp-content\/uploads\/2022\/05\/descargaxml.gratis-300x300.png 300w, https:\/\/maxdev.ccsoft.ai\/es\/wp-content\/uploads\/2022\/05\/descargaxml.gratis-150x150.png 150w, https:\/\/maxdev.ccsoft.ai\/es\/wp-content\/uploads\/2022\/05\/descargaxml.gratis-1536x1536.png 1536w, https:\/\/maxdev.ccsoft.ai\/es\/wp-content\/uploads\/2022\/05\/descargaxml.gratis-2048x2048.png 2048w, https:\/\/maxdev.ccsoft.ai\/es\/wp-content\/uploads\/2022\/05\/descargaxml.gratis-250x250.png 250w, https:\/\/maxdev.ccsoft.ai\/es\/wp-content\/uploads\/2022\/05\/descargaxml.gratis-174x174.png 174w\" sizes=\"(max-width: 640px) 100vw, 640px\" \/>\t\t\t\t\t\t\t\t<\/a>\n\t\t\t\t\t\t\t\t\t\t\t\t\t\t\t<\/div>\n\t\t\t\t<\/div>\n\t\t\t\t<div class=\"elementor-element elementor-element-361229d elementor-widget elementor-widget-heading\" data-id=\"361229d\" data-element_type=\"widget\" data-e-type=\"widget\" data-widget_type=\"heading.default\">\n\t\t\t\t<div class=\"elementor-widget-container\">\n\t\t\t\t\t<h2 class=\"elementor-heading-title elementor-size-default\">Descarga XML Gratis<\/h2>\t\t\t\t<\/div>\n\t\t\t\t<\/div>\n\t\t\t\t\t<\/div>\n\t\t<\/div>\n\t\t\t\t<div class=\"elementor-column elementor-col-33 elementor-inner-column elementor-element elementor-element-d822f62\" data-id=\"d822f62\" data-element_type=\"column\" data-e-type=\"column\">\n\t\t\t<div class=\"elementor-widget-wrap elementor-element-populated\">\n\t\t\t\t\t\t<div class=\"elementor-element elementor-element-8162331 elementor-widget elementor-widget-image\" data-id=\"8162331\" data-element_type=\"widget\" data-e-type=\"widget\" data-widget_type=\"image.default\">\n\t\t\t\t<div class=\"elementor-widget-container\">\n\t\t\t\t\t\t\t\t\t\t\t\t\t\t\t\t<a href=\"https:\/\/maxdev.ccsoft.ai\/es\/blog\/tutoriales\/descarga-de-xml-por-solicitud-y-recuperacion\/\" target=\"_blank\">\n\t\t\t\t\t\t\t<img decoding=\"async\" width=\"640\" height=\"639\" src=\"https:\/\/maxdev.ccsoft.ai\/es\/wp-content\/uploads\/2022\/05\/solicitudyrecuperacionxml-1024x1022.png\" class=\"attachment-large size-large wp-image-6227\" alt=\"Solicitud y Recuperaci\u00f3n de XML\" srcset=\"https:\/\/maxdev.ccsoft.ai\/es\/wp-content\/uploads\/2022\/05\/solicitudyrecuperacionxml-1024x1022.png 1024w, https:\/\/maxdev.ccsoft.ai\/es\/wp-content\/uploads\/2022\/05\/solicitudyrecuperacionxml-300x300.png 300w, https:\/\/maxdev.ccsoft.ai\/es\/wp-content\/uploads\/2022\/05\/solicitudyrecuperacionxml-150x150.png 150w, https:\/\/maxdev.ccsoft.ai\/es\/wp-content\/uploads\/2022\/05\/solicitudyrecuperacionxml-1536x1532.png 1536w, https:\/\/maxdev.ccsoft.ai\/es\/wp-content\/uploads\/2022\/05\/solicitudyrecuperacionxml-2048x2043.png 2048w, https:\/\/maxdev.ccsoft.ai\/es\/wp-content\/uploads\/2022\/05\/solicitudyrecuperacionxml-250x250.png 250w, https:\/\/maxdev.ccsoft.ai\/es\/wp-content\/uploads\/2022\/05\/solicitudyrecuperacionxml-174x174.png 174w\" sizes=\"(max-width: 640px) 100vw, 640px\" \/>\t\t\t\t\t\t\t\t<\/a>\n\t\t\t\t\t\t\t\t\t\t\t\t\t\t\t<\/div>\n\t\t\t\t<\/div>\n\t\t\t\t<div class=\"elementor-element elementor-element-a4e338f elementor-widget elementor-widget-heading\" data-id=\"a4e338f\" data-element_type=\"widget\" data-e-type=\"widget\" data-widget_type=\"heading.default\">\n\t\t\t\t<div class=\"elementor-widget-container\">\n\t\t\t\t\t<h2 class=\"elementor-heading-title elementor-size-default\">Solicitud y Recuperaci\u00f3n de XML<\/h2>\t\t\t\t<\/div>\n\t\t\t\t<\/div>\n\t\t\t\t\t<\/div>\n\t\t<\/div>\n\t\t\t\t<div class=\"elementor-column elementor-col-33 elementor-inner-column elementor-element elementor-element-6018fd8\" data-id=\"6018fd8\" data-element_type=\"column\" data-e-type=\"column\">\n\t\t\t<div class=\"elementor-widget-wrap elementor-element-populated\">\n\t\t\t\t\t\t<div class=\"elementor-element elementor-element-ad2b7db elementor-widget elementor-widget-image\" data-id=\"ad2b7db\" data-element_type=\"widget\" data-e-type=\"widget\" data-widget_type=\"image.default\">\n\t\t\t\t<div class=\"elementor-widget-container\">\n\t\t\t\t\t\t\t\t\t\t\t\t\t\t\t\t<a href=\"https:\/\/maxdev.ccsoft.ai\/es\/blog\/tutoriales\/descarga-masiva-de-xml-d500\/\" target=\"_blank\">\n\t\t\t\t\t\t\t<img decoding=\"async\" width=\"640\" height=\"640\" src=\"https:\/\/maxdev.ccsoft.ai\/es\/wp-content\/uploads\/2022\/05\/descargamasiva.d500-1024x1024.png\" class=\"attachment-large size-large wp-image-6228\" alt=\"Descarga Masiva de XML +D500\" srcset=\"https:\/\/maxdev.ccsoft.ai\/es\/wp-content\/uploads\/2022\/05\/descargamasiva.d500-1024x1024.png 1024w, https:\/\/maxdev.ccsoft.ai\/es\/wp-content\/uploads\/2022\/05\/descargamasiva.d500-300x300.png 300w, https:\/\/maxdev.ccsoft.ai\/es\/wp-content\/uploads\/2022\/05\/descargamasiva.d500-150x150.png 150w, https:\/\/maxdev.ccsoft.ai\/es\/wp-content\/uploads\/2022\/05\/descargamasiva.d500-1536x1536.png 1536w, https:\/\/maxdev.ccsoft.ai\/es\/wp-content\/uploads\/2022\/05\/descargamasiva.d500-2048x2048.png 2048w, https:\/\/maxdev.ccsoft.ai\/es\/wp-content\/uploads\/2022\/05\/descargamasiva.d500-250x250.png 250w, https:\/\/maxdev.ccsoft.ai\/es\/wp-content\/uploads\/2022\/05\/descargamasiva.d500-174x174.png 174w\" sizes=\"(max-width: 640px) 100vw, 640px\" \/>\t\t\t\t\t\t\t\t<\/a>\n\t\t\t\t\t\t\t\t\t\t\t\t\t\t\t<\/div>\n\t\t\t\t<\/div>\n\t\t\t\t<div class=\"elementor-element elementor-element-5265917 elementor-widget elementor-widget-heading\" data-id=\"5265917\" data-element_type=\"widget\" data-e-type=\"widget\" data-widget_type=\"heading.default\">\n\t\t\t\t<div class=\"elementor-widget-container\">\n\t\t\t\t\t<h2 class=\"elementor-heading-title elementor-size-default\">Descarga Masiva de XML +500<\/h2>\t\t\t\t<\/div>\n\t\t\t\t<\/div>\n\t\t\t\t\t<\/div>\n\t\t<\/div>\n\t\t\t\t\t<\/div>\n\t\t<\/section>\n\t\t\t\t<div class=\"elementor-element elementor-element-7342eea elementor-widget elementor-widget-spacer\" data-id=\"7342eea\" data-element_type=\"widget\" data-e-type=\"widget\" data-widget_type=\"spacer.default\">\n\t\t\t\t<div class=\"elementor-widget-container\">\n\t\t\t\t\t\t\t<div class=\"elementor-spacer\">\n\t\t\t<div class=\"elementor-spacer-inner\"><\/div>\n\t\t<\/div>\n\t\t\t\t\t\t<\/div>\n\t\t\t\t<\/div>\n\t\t\t\t<section class=\"elementor-section elementor-inner-section elementor-element elementor-element-db4cfd1 elementor-section-boxed elementor-section-height-default elementor-section-height-default\" data-id=\"db4cfd1\" data-element_type=\"section\" data-e-type=\"section\">\n\t\t\t\t\t\t<div class=\"elementor-container elementor-column-gap-default\">\n\t\t\t\t\t<div class=\"elementor-column elementor-col-50 elementor-inner-column elementor-element elementor-element-aed1338\" data-id=\"aed1338\" data-element_type=\"column\" data-e-type=\"column\">\n\t\t\t<div class=\"elementor-widget-wrap elementor-element-populated\">\n\t\t\t\t\t\t<div class=\"elementor-element elementor-element-949f1dc elementor-widget elementor-widget-image\" data-id=\"949f1dc\" data-element_type=\"widget\" data-e-type=\"widget\" data-widget_type=\"image.default\">\n\t\t\t\t<div class=\"elementor-widget-container\">\n\t\t\t\t\t\t\t\t\t\t\t\t\t\t\t\t<a href=\"https:\/\/maxdev.ccsoft.ai\/es\/tutoriales-miadminxml\/descarga-masiva-de-xml\/descarga-de-xml-masiva-webservice-sat\/\" target=\"_blank\">\n\t\t\t\t\t\t\t<img loading=\"lazy\" decoding=\"async\" width=\"640\" height=\"640\" src=\"https:\/\/maxdev.ccsoft.ai\/es\/wp-content\/uploads\/2022\/05\/webservicessat-1024x1024.png\" class=\"attachment-large size-large wp-image-6229\" alt=\"WebService SAT\" srcset=\"https:\/\/maxdev.ccsoft.ai\/es\/wp-content\/uploads\/2022\/05\/webservicessat-1024x1024.png 1024w, https:\/\/maxdev.ccsoft.ai\/es\/wp-content\/uploads\/2022\/05\/webservicessat-300x300.png 300w, https:\/\/maxdev.ccsoft.ai\/es\/wp-content\/uploads\/2022\/05\/webservicessat-150x150.png 150w, https:\/\/maxdev.ccsoft.ai\/es\/wp-content\/uploads\/2022\/05\/webservicessat-1536x1536.png 1536w, https:\/\/maxdev.ccsoft.ai\/es\/wp-content\/uploads\/2022\/05\/webservicessat-2048x2048.png 2048w, https:\/\/maxdev.ccsoft.ai\/es\/wp-content\/uploads\/2022\/05\/webservicessat-250x250.png 250w, https:\/\/maxdev.ccsoft.ai\/es\/wp-content\/uploads\/2022\/05\/webservicessat-174x174.png 174w\" sizes=\"(max-width: 640px) 100vw, 640px\" \/>\t\t\t\t\t\t\t\t<\/a>\n\t\t\t\t\t\t\t\t\t\t\t\t\t\t\t<\/div>\n\t\t\t\t<\/div>\n\t\t\t\t<div class=\"elementor-element elementor-element-2c2a462 elementor-widget elementor-widget-heading\" data-id=\"2c2a462\" data-element_type=\"widget\" data-e-type=\"widget\" data-widget_type=\"heading.default\">\n\t\t\t\t<div class=\"elementor-widget-container\">\n\t\t\t\t\t<h2 class=\"elementor-heading-title elementor-size-default\">Descarga CFDi WebService SAT<\/h2>\t\t\t\t<\/div>\n\t\t\t\t<\/div>\n\t\t\t\t\t<\/div>\n\t\t<\/div>\n\t\t\t\t<div class=\"elementor-column elementor-col-50 elementor-inner-column elementor-element elementor-element-c19e15f\" data-id=\"c19e15f\" data-element_type=\"column\" data-e-type=\"column\">\n\t\t\t<div class=\"elementor-widget-wrap elementor-element-populated\">\n\t\t\t\t\t\t<div class=\"elementor-element elementor-element-9c4f099 elementor-widget elementor-widget-image\" data-id=\"9c4f099\" data-element_type=\"widget\" data-e-type=\"widget\" data-widget_type=\"image.default\">\n\t\t\t\t<div class=\"elementor-widget-container\">\n\t\t\t\t\t\t\t\t\t\t\t\t\t\t\t<img loading=\"lazy\" decoding=\"async\" width=\"640\" height=\"641\" src=\"https:\/\/maxdev.ccsoft.ai\/es\/wp-content\/uploads\/2022\/05\/descargaretenciones-1022x1024.png\" class=\"attachment-large size-large wp-image-6230\" alt=\"Descarga de Retenciones\" srcset=\"https:\/\/maxdev.ccsoft.ai\/es\/wp-content\/uploads\/2022\/05\/descargaretenciones-1022x1024.png 1022w, https:\/\/maxdev.ccsoft.ai\/es\/wp-content\/uploads\/2022\/05\/descargaretenciones-300x300.png 300w, https:\/\/maxdev.ccsoft.ai\/es\/wp-content\/uploads\/2022\/05\/descargaretenciones-150x150.png 150w, https:\/\/maxdev.ccsoft.ai\/es\/wp-content\/uploads\/2022\/05\/descargaretenciones-1533x1536.png 1533w, https:\/\/maxdev.ccsoft.ai\/es\/wp-content\/uploads\/2022\/05\/descargaretenciones-2044x2048.png 2044w, https:\/\/maxdev.ccsoft.ai\/es\/wp-content\/uploads\/2022\/05\/descargaretenciones-250x250.png 250w, https:\/\/maxdev.ccsoft.ai\/es\/wp-content\/uploads\/2022\/05\/descargaretenciones-174x174.png 174w\" sizes=\"(max-width: 640px) 100vw, 640px\" \/>\t\t\t\t\t\t\t\t\t\t\t\t\t\t\t<\/div>\n\t\t\t\t<\/div>\n\t\t\t\t<div class=\"elementor-element elementor-element-f926c37 elementor-widget elementor-widget-heading\" data-id=\"f926c37\" data-element_type=\"widget\" data-e-type=\"widget\" data-widget_type=\"heading.default\">\n\t\t\t\t<div class=\"elementor-widget-container\">\n\t\t\t\t\t<h2 class=\"elementor-heading-title elementor-size-default\">Descarga de Retenciones WebService SAT <\/h2>\t\t\t\t<\/div>\n\t\t\t\t<\/div>\n\t\t\t\t\t<\/div>\n\t\t<\/div>\n\t\t\t\t\t<\/div>\n\t\t<\/section>\n\t\t\t\t\t<\/div>\n\t\t<\/div>\n\t\t\t\t\t<\/div>\n\t\t<\/section>\n\t\t\t\t<\/div>\n\t\t","protected":false},"excerpt":{"rendered":"<p>Tutoriales de Descarga Masiva de XML \u00bfListo para aprender a Descargar XML de forma masiva? Descarga XML de forma gratuita o hasta 200,000 xml con WebService SAT es muy f\u00e1cil y aqu\u00ed aprender\u00e1s a usar MiAdminXML al 100% Las posibilidades son muchas, estos tutoriales pueden ser el inicio de la integracion del software contable a <a href=\"https:\/\/maxdev.ccsoft.ai\/es\/tutoriales-miadminxml\/descarga-masiva-de-xml\/\" rel=\"nofollow\"><span class=\"sr-only\">Leer m\u00e1sDescarga Masiva de XML<\/span>[&hellip;]<\/a><\/p>\n","protected":false},"author":1,"featured_media":0,"parent":6148,"menu_order":0,"comment_status":"closed","ping_status":"closed","template":"","meta":{"footnotes":""},"class_list":["post-6214","page","type-page","status-publish","hentry"],"_links":{"self":[{"href":"https:\/\/maxdev.ccsoft.ai\/es\/wp-json\/wp\/v2\/pages\/6214","targetHints":{"allow":["GET"]}}],"collection":[{"href":"https:\/\/maxdev.ccsoft.ai\/es\/wp-json\/wp\/v2\/pages"}],"about":[{"href":"https:\/\/maxdev.ccsoft.ai\/es\/wp-json\/wp\/v2\/types\/page"}],"author":[{"embeddable":true,"href":"https:\/\/maxdev.ccsoft.ai\/es\/wp-json\/wp\/v2\/users\/1"}],"replies":[{"embeddable":true,"href":"https:\/\/maxdev.ccsoft.ai\/es\/wp-json\/wp\/v2\/comments?post=6214"}],"version-history":[{"count":25,"href":"https:\/\/maxdev.ccsoft.ai\/es\/wp-json\/wp\/v2\/pages\/6214\/revisions"}],"predecessor-version":[{"id":7158,"href":"https:\/\/maxdev.ccsoft.ai\/es\/wp-json\/wp\/v2\/pages\/6214\/revisions\/7158"}],"up":[{"embeddable":true,"href":"https:\/\/maxdev.ccsoft.ai\/es\/wp-json\/wp\/v2\/pages\/6148"}],"wp:attachment":[{"href":"https:\/\/maxdev.ccsoft.ai\/es\/wp-json\/wp\/v2\/media?parent=6214"}],"curies":[{"name":"wp","href":"https:\/\/api.w.org\/{rel}","templated":true}]}}