{"id":6991,"date":"2022-07-06T13:03:06","date_gmt":"2022-07-06T18:03:06","guid":{"rendered":"https:\/\/maxdev.ccsoft.ai\/es\/?page_id=6991"},"modified":"2024-09-12T13:03:32","modified_gmt":"2024-09-12T19:03:32","slug":"descarga-de-xml-masiva-webservice-sat","status":"publish","type":"page","link":"https:\/\/maxdev.ccsoft.ai\/es\/tutoriales-miadminxml\/descarga-masiva-de-xml\/descarga-de-xml-masiva-webservice-sat\/","title":{"rendered":"Descarga de XML Masiva WebService SAT"},"content":{"rendered":"\t\t<div data-elementor-type=\"wp-page\" data-elementor-id=\"6991\" class=\"elementor elementor-6991\" data-elementor-post-type=\"page\">\n\t\t\t\t\t\t<section class=\"elementor-section elementor-top-section elementor-element elementor-element-a931e3a elementor-section-boxed elementor-section-height-default elementor-section-height-default\" data-id=\"a931e3a\" data-element_type=\"section\" data-e-type=\"section\">\n\t\t\t\t\t\t<div class=\"elementor-container elementor-column-gap-default\">\n\t\t\t\t\t<div class=\"elementor-column elementor-col-100 elementor-top-column elementor-element elementor-element-106bf88a\" data-id=\"106bf88a\" data-element_type=\"column\" data-e-type=\"column\">\n\t\t\t<div class=\"elementor-widget-wrap elementor-element-populated\">\n\t\t\t\t\t\t<div class=\"elementor-element elementor-element-587715ff elementor-widget elementor-widget-text-editor\" data-id=\"587715ff\" data-element_type=\"widget\" data-e-type=\"widget\" data-widget_type=\"text-editor.default\">\n\t\t\t\t<div class=\"elementor-widget-container\">\n\t\t\t\t\t\t\t\t\t\t\t\t\t\t\t\t\t<\/div>\n\t\t\t\t<\/div>\n\t\t\t\t\t<\/div>\n\t\t<\/div>\n\t\t\t\t\t<\/div>\n\t\t<\/section>\n\t\t\t\t<section class=\"elementor-section elementor-top-section elementor-element elementor-element-46a2e1fe elementor-section-boxed elementor-section-height-default elementor-section-height-default\" data-id=\"46a2e1fe\" data-element_type=\"section\" data-e-type=\"section\">\n\t\t\t\t\t\t<div class=\"elementor-container elementor-column-gap-default\">\n\t\t\t\t\t<div class=\"elementor-column elementor-col-100 elementor-top-column elementor-element elementor-element-63b1b764\" data-id=\"63b1b764\" data-element_type=\"column\" data-e-type=\"column\">\n\t\t\t<div class=\"elementor-widget-wrap elementor-element-populated\">\n\t\t\t\t\t\t<div class=\"elementor-element elementor-element-1fbd5d00 elementor-widget elementor-widget-spacer\" data-id=\"1fbd5d00\" data-element_type=\"widget\" data-e-type=\"widget\" data-widget_type=\"spacer.default\">\n\t\t\t\t<div class=\"elementor-widget-container\">\n\t\t\t\t\t\t\t<div class=\"elementor-spacer\">\n\t\t\t<div class=\"elementor-spacer-inner\"><\/div>\n\t\t<\/div>\n\t\t\t\t\t\t<\/div>\n\t\t\t\t<\/div>\n\t\t\t\t<div class=\"elementor-element elementor-element-1873ad65 elementor-widget elementor-widget-heading\" data-id=\"1873ad65\" data-element_type=\"widget\" data-e-type=\"widget\" data-widget_type=\"heading.default\">\n\t\t\t\t<div class=\"elementor-widget-container\">\n\t\t\t\t\t<h2 class=\"elementor-heading-title elementor-size-default\">Hasta 200,000 archivos XML descargados con WebServiceSAT <\/h2>\t\t\t\t<\/div>\n\t\t\t\t<\/div>\n\t\t\t\t<div class=\"elementor-element elementor-element-bf5f911 elementor-widget elementor-widget-spacer\" data-id=\"bf5f911\" data-element_type=\"widget\" data-e-type=\"widget\" data-widget_type=\"spacer.default\">\n\t\t\t\t<div class=\"elementor-widget-container\">\n\t\t\t\t\t\t\t<div class=\"elementor-spacer\">\n\t\t\t<div class=\"elementor-spacer-inner\"><\/div>\n\t\t<\/div>\n\t\t\t\t\t\t<\/div>\n\t\t\t\t<\/div>\n\t\t\t\t<div class=\"elementor-element elementor-element-4311bea5 elementor-widget elementor-widget-image\" data-id=\"4311bea5\" data-element_type=\"widget\" data-e-type=\"widget\" data-widget_type=\"image.default\">\n\t\t\t\t<div class=\"elementor-widget-container\">\n\t\t\t\t\t\t\t\t\t\t\t\t\t\t\t<img fetchpriority=\"high\" decoding=\"async\" width=\"640\" height=\"640\" src=\"https:\/\/maxdev.ccsoft.ai\/es\/wp-content\/uploads\/2022\/05\/webservicessat-1024x1024.png\" class=\"attachment-large size-large wp-image-6229\" alt=\"WebService SAT\" srcset=\"https:\/\/maxdev.ccsoft.ai\/es\/wp-content\/uploads\/2022\/05\/webservicessat-1024x1024.png 1024w, https:\/\/maxdev.ccsoft.ai\/es\/wp-content\/uploads\/2022\/05\/webservicessat-300x300.png 300w, https:\/\/maxdev.ccsoft.ai\/es\/wp-content\/uploads\/2022\/05\/webservicessat-150x150.png 150w, https:\/\/maxdev.ccsoft.ai\/es\/wp-content\/uploads\/2022\/05\/webservicessat-1536x1536.png 1536w, https:\/\/maxdev.ccsoft.ai\/es\/wp-content\/uploads\/2022\/05\/webservicessat-2048x2048.png 2048w, https:\/\/maxdev.ccsoft.ai\/es\/wp-content\/uploads\/2022\/05\/webservicessat-250x250.png 250w, https:\/\/maxdev.ccsoft.ai\/es\/wp-content\/uploads\/2022\/05\/webservicessat-174x174.png 174w\" sizes=\"(max-width: 640px) 100vw, 640px\" \/>\t\t\t\t\t\t\t\t\t\t\t\t\t\t\t<\/div>\n\t\t\t\t<\/div>\n\t\t\t\t<div class=\"elementor-element elementor-element-122ac336 elementor-widget elementor-widget-spacer\" data-id=\"122ac336\" data-element_type=\"widget\" data-e-type=\"widget\" data-widget_type=\"spacer.default\">\n\t\t\t\t<div class=\"elementor-widget-container\">\n\t\t\t\t\t\t\t<div class=\"elementor-spacer\">\n\t\t\t<div class=\"elementor-spacer-inner\"><\/div>\n\t\t<\/div>\n\t\t\t\t\t\t<\/div>\n\t\t\t\t<\/div>\n\t\t\t\t<div class=\"elementor-element elementor-element-117cda6f elementor-widget elementor-widget-text-editor\" data-id=\"117cda6f\" data-element_type=\"widget\" data-e-type=\"widget\" data-widget_type=\"text-editor.default\">\n\t\t\t\t<div class=\"elementor-widget-container\">\n\t\t\t\t\t\t\t\t\t<p><strong>WebService SAT se encuentra disponible en:\u00a0<\/strong><\/p>\n<ul>\n<li><span style=\"font-size: 1.6rem;\">Licencia Profesional\u00a0<\/span><\/li>\n<\/ul>\t\t\t\t\t\t\t\t<\/div>\n\t\t\t\t<\/div>\n\t\t\t\t\t<\/div>\n\t\t<\/div>\n\t\t\t\t\t<\/div>\n\t\t<\/section>\n\t\t\t\t<section class=\"elementor-section elementor-top-section elementor-element elementor-element-690c1b12 elementor-section-boxed elementor-section-height-default elementor-section-height-default\" data-id=\"690c1b12\" data-element_type=\"section\" data-e-type=\"section\">\n\t\t\t\t\t\t<div class=\"elementor-container elementor-column-gap-default\">\n\t\t\t\t\t<div class=\"elementor-column elementor-col-100 elementor-top-column elementor-element elementor-element-2e01e8ba\" data-id=\"2e01e8ba\" data-element_type=\"column\" data-e-type=\"column\">\n\t\t\t<div class=\"elementor-widget-wrap elementor-element-populated\">\n\t\t\t\t\t\t<div class=\"elementor-element elementor-element-630756ed elementor-widget elementor-widget-text-editor\" data-id=\"630756ed\" data-element_type=\"widget\" data-e-type=\"widget\" data-widget_type=\"text-editor.default\">\n\t\t\t\t<div class=\"elementor-widget-container\">\n\t\t\t\t\t\t\t\t\t<p style=\"text-align: justify;\">\u00a1C\u00f3mo lo le\u00edste! Nuestra herramienta de descarga de XML m\u00e1s poderosa tiene la capacidad de bajar hasta 200,000 archivos XML\u00a0<\/p>\n<p style=\"text-align: justify;\">Y es realmente f\u00e1cil de usar, pero antes nos gustar\u00eda contarte algunas de las caracter\u00edsticas de este gran m\u00f3dulo.\u00a0<\/p>\n<ul>\n<li style=\"text-align: justify;\">Autenticaci\u00f3n con e.firma<\/li>\n<li style=\"text-align: justify;\">Permite recuperar \u00a0hasta 200,000 XML por solicitud\u00a0\u00a0<\/li>\n<li style=\"text-align: justify;\">Tipos de\u00a0\u00a0CFDI a descargar de forma masiva: ingreso, egreso, traslado, nomina, pagos.\u00a0<\/li>\n<li style=\"text-align: justify;\">Solo el emisor y el receptor realizan la consulta y recuperaci\u00f3n de los XML.\u00a0<\/li>\n<li style=\"text-align: justify;\">No existe l\u00edmite en el n\u00famero de solicitudes siempre que NO se descargue en m\u00e1s de una ocasi\u00f3n los mismos par\u00e1metros.<\/li>\n<\/ul>\t\t\t\t\t\t\t\t<\/div>\n\t\t\t\t<\/div>\n\t\t\t\t<div class=\"elementor-element elementor-element-707fc09 elementor-widget elementor-widget-heading\" data-id=\"707fc09\" data-element_type=\"widget\" data-e-type=\"widget\" data-widget_type=\"heading.default\">\n\t\t\t\t<div class=\"elementor-widget-container\">\n\t\t\t\t\t<h3 class=\"elementor-heading-title elementor-size-default\">\u00bfC\u00f3mo funciona WebService SAT?<\/h3>\t\t\t\t<\/div>\n\t\t\t\t<\/div>\n\t\t\t\t<div class=\"elementor-element elementor-element-23d2a54 elementor-widget elementor-widget-spacer\" data-id=\"23d2a54\" data-element_type=\"widget\" data-e-type=\"widget\" data-widget_type=\"spacer.default\">\n\t\t\t\t<div class=\"elementor-widget-container\">\n\t\t\t\t\t\t\t<div class=\"elementor-spacer\">\n\t\t\t<div class=\"elementor-spacer-inner\"><\/div>\n\t\t<\/div>\n\t\t\t\t\t\t<\/div>\n\t\t\t\t<\/div>\n\t\t\t\t<div class=\"elementor-element elementor-element-681595f4 elementor-widget elementor-widget-text-editor\" data-id=\"681595f4\" data-element_type=\"widget\" data-e-type=\"widget\" data-widget_type=\"text-editor.default\">\n\t\t\t\t<div class=\"elementor-widget-container\">\n\t\t\t\t\t\t\t\t\t<p style=\"text-align: justify;\">Hemos preparado un video tutorial para resolver tus dudas, ver\u00e1s que descargar XML con este m\u00f3dulo es muy sencillo, ver el video\u00a0<span style=\"color: var( --e-global-color-text ); font-size: 1.6rem;\">solo tomar\u00e1 unos cuantos <\/span><strong style=\"color: var( --e-global-color-text ); font-size: 1.6rem;\">SEGUNDOS.<\/strong><\/p>\n<p><strong style=\"color: var( --e-global-color-text ); font-size: 1.6rem;\">\u00a0\u00a1Esperamos que te sea de gran utilidad!<\/strong><\/p>\t\t\t\t\t\t\t\t<\/div>\n\t\t\t\t<\/div>\n\t\t\t\t\t<\/div>\n\t\t<\/div>\n\t\t\t\t\t<\/div>\n\t\t<\/section>\n\t\t\t\t<section class=\"elementor-section elementor-top-section elementor-element elementor-element-4b0ddabe elementor-section-boxed elementor-section-height-default elementor-section-height-default\" data-id=\"4b0ddabe\" data-element_type=\"section\" data-e-type=\"section\">\n\t\t\t\t\t\t<div class=\"elementor-container elementor-column-gap-default\">\n\t\t\t\t\t<div class=\"elementor-column elementor-col-100 elementor-top-column elementor-element elementor-element-3b544f28\" data-id=\"3b544f28\" data-element_type=\"column\" data-e-type=\"column\">\n\t\t\t<div class=\"elementor-widget-wrap elementor-element-populated\">\n\t\t\t\t\t\t<div class=\"elementor-element elementor-element-2405f19 elementor-widget elementor-widget-video\" data-id=\"2405f19\" data-element_type=\"widget\" data-e-type=\"widget\" data-settings=\"{&quot;youtube_url&quot;:&quot;https:\\\/\\\/youtu.be\\\/_X1OQMaS1Rk&quot;,&quot;video_type&quot;:&quot;youtube&quot;,&quot;controls&quot;:&quot;yes&quot;}\" data-widget_type=\"video.default\">\n\t\t\t\t<div class=\"elementor-widget-container\">\n\t\t\t\t\t\t\t<div class=\"elementor-wrapper elementor-open-inline\">\n\t\t\t<div class=\"elementor-video\"><\/div>\t\t<\/div>\n\t\t\t\t\t\t<\/div>\n\t\t\t\t<\/div>\n\t\t\t\t\t<\/div>\n\t\t<\/div>\n\t\t\t\t\t<\/div>\n\t\t<\/section>\n\t\t\t\t<section class=\"elementor-section elementor-top-section elementor-element elementor-element-5f82bcb9 elementor-section-boxed elementor-section-height-default elementor-section-height-default\" data-id=\"5f82bcb9\" data-element_type=\"section\" data-e-type=\"section\">\n\t\t\t\t\t\t<div class=\"elementor-container elementor-column-gap-default\">\n\t\t\t\t\t<div class=\"elementor-column elementor-col-100 elementor-top-column elementor-element elementor-element-1cc4942c\" data-id=\"1cc4942c\" data-element_type=\"column\" data-e-type=\"column\">\n\t\t\t<div class=\"elementor-widget-wrap elementor-element-populated\">\n\t\t\t\t\t\t<div class=\"elementor-element elementor-element-e0fced5 elementor-widget elementor-widget-spacer\" data-id=\"e0fced5\" data-element_type=\"widget\" data-e-type=\"widget\" data-widget_type=\"spacer.default\">\n\t\t\t\t<div class=\"elementor-widget-container\">\n\t\t\t\t\t\t\t<div class=\"elementor-spacer\">\n\t\t\t<div class=\"elementor-spacer-inner\"><\/div>\n\t\t<\/div>\n\t\t\t\t\t\t<\/div>\n\t\t\t\t<\/div>\n\t\t\t\t<div class=\"elementor-element elementor-element-0eee0c9 elementor-widget elementor-widget-text-editor\" data-id=\"0eee0c9\" data-element_type=\"widget\" data-e-type=\"widget\" data-widget_type=\"text-editor.default\">\n\t\t\t\t<div class=\"elementor-widget-container\">\n\t\t\t\t\t\t\t\t\t<h3><a href=\"https:\/\/www.computocontable.com\/wp-content\/uploads\/2022\/12\/Guia-Web-Service-Sat.pdf\" target=\"_blank\" rel=\"noopener\">Aqu\u00ed puedes ver la gu\u00eda de WebService SAT<\/a><\/h3>\t\t\t\t\t\t\t\t<\/div>\n\t\t\t\t<\/div>\n\t\t\t\t<div class=\"elementor-element elementor-element-50845a8f elementor-widget elementor-widget-spacer\" data-id=\"50845a8f\" data-element_type=\"widget\" data-e-type=\"widget\" data-widget_type=\"spacer.default\">\n\t\t\t\t<div class=\"elementor-widget-container\">\n\t\t\t\t\t\t\t<div class=\"elementor-spacer\">\n\t\t\t<div class=\"elementor-spacer-inner\"><\/div>\n\t\t<\/div>\n\t\t\t\t\t\t<\/div>\n\t\t\t\t<\/div>\n\t\t\t\t<div class=\"elementor-element elementor-element-1de1d3be elementor-widget elementor-widget-heading\" data-id=\"1de1d3be\" data-element_type=\"widget\" data-e-type=\"widget\" data-widget_type=\"heading.default\">\n\t\t\t\t<div class=\"elementor-widget-container\">\n\t\t\t\t\t<h3 class=\"elementor-heading-title elementor-size-default\">\u00a1Queremos Convencerte!<\/h3>\t\t\t\t<\/div>\n\t\t\t\t<\/div>\n\t\t\t\t<div class=\"elementor-element elementor-element-45ce6de9 elementor-widget elementor-widget-text-editor\" data-id=\"45ce6de9\" data-element_type=\"widget\" data-e-type=\"widget\" data-widget_type=\"text-editor.default\">\n\t\t\t\t<div class=\"elementor-widget-container\">\n\t\t\t\t\t\t\t\t\t<p style=\"text-align: justify;\">\u00a0<\/p>\n<p style=\"text-align: justify;\"><strong>Prueba MiAdminXML<\/strong> por<strong> 30 d\u00edas<\/strong> y disfruta de los m\u00f3dulos de nuestras licencias <strong>Plus y Profesional<\/strong>, te aseguramos que son f\u00e1ciles de usar y que siempre habr\u00e1 un tutorial de ayuda en cada herramienta.\u00a0<\/p>\n<p style=\"text-align: justify;\">Solo tienes que dar clic en <strong>\u00abQuiero Probar MiAdminXML Gratis\u00bb<\/strong> tendr\u00e1s que llenar el formulario que se encuentra en la siguiente p\u00e1gina y MiAdminXML<strong> llegar\u00e1 a tu correo electr\u00f3nico.<\/strong><\/p>\t\t\t\t\t\t\t\t<\/div>\n\t\t\t\t<\/div>\n\t\t\t\t<div class=\"elementor-element elementor-element-2cfd311b elementor-widget elementor-widget-spacer\" data-id=\"2cfd311b\" data-element_type=\"widget\" data-e-type=\"widget\" data-widget_type=\"spacer.default\">\n\t\t\t\t<div class=\"elementor-widget-container\">\n\t\t\t\t\t\t\t<div class=\"elementor-spacer\">\n\t\t\t<div class=\"elementor-spacer-inner\"><\/div>\n\t\t<\/div>\n\t\t\t\t\t\t<\/div>\n\t\t\t\t<\/div>\n\t\t\t\t<div class=\"elementor-element elementor-element-701545ff elementor-align-center elementor-widget elementor-widget-button\" data-id=\"701545ff\" data-element_type=\"widget\" data-e-type=\"widget\" data-widget_type=\"button.default\">\n\t\t\t\t<div class=\"elementor-widget-container\">\n\t\t\t\t\t\t\t\t\t<div class=\"elementor-button-wrapper\">\n\t\t\t\t\t<a class=\"elementor-button elementor-button-link elementor-size-md\" href=\"https:\/\/maxdev.ccsoft.ai\/es\/miadminxml\/\" target=\"_blank\">\n\t\t\t\t\t\t<span class=\"elementor-button-content-wrapper\">\n\t\t\t\t\t\t\t\t\t<span class=\"elementor-button-text\">Quiero Probar MiAdminXML gratis <\/span>\n\t\t\t\t\t<\/span>\n\t\t\t\t\t<\/a>\n\t\t\t\t<\/div>\n\t\t\t\t\t\t\t\t<\/div>\n\t\t\t\t<\/div>\n\t\t\t\t<div class=\"elementor-element elementor-element-2d8a5e49 elementor-widget elementor-widget-spacer\" data-id=\"2d8a5e49\" data-element_type=\"widget\" data-e-type=\"widget\" data-widget_type=\"spacer.default\">\n\t\t\t\t<div class=\"elementor-widget-container\">\n\t\t\t\t\t\t\t<div class=\"elementor-spacer\">\n\t\t\t<div class=\"elementor-spacer-inner\"><\/div>\n\t\t<\/div>\n\t\t\t\t\t\t<\/div>\n\t\t\t\t<\/div>\n\t\t\t\t<div class=\"elementor-element elementor-element-1df0f27a elementor-widget elementor-widget-text-editor\" data-id=\"1df0f27a\" data-element_type=\"widget\" data-e-type=\"widget\" data-widget_type=\"text-editor.default\">\n\t\t\t\t<div class=\"elementor-widget-container\">\n\t\t\t\t\t\t\t\t\t<p style=\"text-align: center;\">\u00a1Creando Contadores Libres!<\/p>\t\t\t\t\t\t\t\t<\/div>\n\t\t\t\t<\/div>\n\t\t\t\t<div class=\"elementor-element elementor-element-2f8c1630 elementor-widget elementor-widget-image\" data-id=\"2f8c1630\" data-element_type=\"widget\" data-e-type=\"widget\" data-widget_type=\"image.default\">\n\t\t\t\t<div class=\"elementor-widget-container\">\n\t\t\t\t\t\t\t\t\t\t\t\t\t\t\t<img decoding=\"async\" width=\"640\" height=\"640\" src=\"https:\/\/maxdev.ccsoft.ai\/es\/wp-content\/uploads\/2022\/03\/cc-2021-1-1024x1024.png\" class=\"attachment-large size-large wp-image-4918\" alt=\"Logotipo C\u00f3mputoContable\" srcset=\"https:\/\/maxdev.ccsoft.ai\/es\/wp-content\/uploads\/2022\/03\/cc-2021-1-1024x1024.png 1024w, https:\/\/maxdev.ccsoft.ai\/es\/wp-content\/uploads\/2022\/03\/cc-2021-1-300x300.png 300w, https:\/\/maxdev.ccsoft.ai\/es\/wp-content\/uploads\/2022\/03\/cc-2021-1-150x150.png 150w, https:\/\/maxdev.ccsoft.ai\/es\/wp-content\/uploads\/2022\/03\/cc-2021-1-1536x1536.png 1536w, https:\/\/maxdev.ccsoft.ai\/es\/wp-content\/uploads\/2022\/03\/cc-2021-1-2048x2048.png 2048w, https:\/\/maxdev.ccsoft.ai\/es\/wp-content\/uploads\/2022\/03\/cc-2021-1-250x250.png 250w, https:\/\/maxdev.ccsoft.ai\/es\/wp-content\/uploads\/2022\/03\/cc-2021-1-174x174.png 174w\" sizes=\"(max-width: 640px) 100vw, 640px\" \/>\t\t\t\t\t\t\t\t\t\t\t\t\t\t\t<\/div>\n\t\t\t\t<\/div>\n\t\t\t\t<div class=\"elementor-element elementor-element-201c8f6f elementor-widget elementor-widget-text-editor\" data-id=\"201c8f6f\" data-element_type=\"widget\" data-e-type=\"widget\" data-widget_type=\"text-editor.default\">\n\t\t\t\t<div class=\"elementor-widget-container\">\n\t\t\t\t\t\t\t\t\t<p style=\"text-align: center;\">C\u00f3mputoContable<\/p>\t\t\t\t\t\t\t\t<\/div>\n\t\t\t\t<\/div>\n\t\t\t\t\t<\/div>\n\t\t<\/div>\n\t\t\t\t\t<\/div>\n\t\t<\/section>\n\t\t\t\t<\/div>\n\t\t","protected":false},"excerpt":{"rendered":"<p>Hasta 200,000 archivos XML descargados con WebServiceSAT WebService SAT se encuentra disponible en:\u00a0 Licencia Profesional\u00a0 \u00a1C\u00f3mo lo le\u00edste! Nuestra herramienta de descarga de XML m\u00e1s poderosa tiene la capacidad de bajar hasta 200,000 archivos XML\u00a0 Y es realmente f\u00e1cil de usar, pero antes nos gustar\u00eda contarte algunas de las caracter\u00edsticas de este gran m\u00f3dulo.\u00a0 Autenticaci\u00f3n <a href=\"https:\/\/maxdev.ccsoft.ai\/es\/tutoriales-miadminxml\/descarga-masiva-de-xml\/descarga-de-xml-masiva-webservice-sat\/\" rel=\"nofollow\"><span class=\"sr-only\">Leer m\u00e1sDescarga de XML Masiva WebService SAT<\/span>[&hellip;]<\/a><\/p>\n","protected":false},"author":1,"featured_media":0,"parent":6214,"menu_order":0,"comment_status":"closed","ping_status":"closed","template":"","meta":{"footnotes":""},"class_list":["post-6991","page","type-page","status-publish","hentry"],"_links":{"self":[{"href":"https:\/\/maxdev.ccsoft.ai\/es\/wp-json\/wp\/v2\/pages\/6991","targetHints":{"allow":["GET"]}}],"collection":[{"href":"https:\/\/maxdev.ccsoft.ai\/es\/wp-json\/wp\/v2\/pages"}],"about":[{"href":"https:\/\/maxdev.ccsoft.ai\/es\/wp-json\/wp\/v2\/types\/page"}],"author":[{"embeddable":true,"href":"https:\/\/maxdev.ccsoft.ai\/es\/wp-json\/wp\/v2\/users\/1"}],"replies":[{"embeddable":true,"href":"https:\/\/maxdev.ccsoft.ai\/es\/wp-json\/wp\/v2\/comments?post=6991"}],"version-history":[{"count":14,"href":"https:\/\/maxdev.ccsoft.ai\/es\/wp-json\/wp\/v2\/pages\/6991\/revisions"}],"predecessor-version":[{"id":13088,"href":"https:\/\/maxdev.ccsoft.ai\/es\/wp-json\/wp\/v2\/pages\/6991\/revisions\/13088"}],"up":[{"embeddable":true,"href":"https:\/\/maxdev.ccsoft.ai\/es\/wp-json\/wp\/v2\/pages\/6214"}],"wp:attachment":[{"href":"https:\/\/maxdev.ccsoft.ai\/es\/wp-json\/wp\/v2\/media?parent=6991"}],"curies":[{"name":"wp","href":"https:\/\/api.w.org\/{rel}","templated":true}]}}